{"id":181,"date":"2026-04-04T17:00:30","date_gmt":"2026-04-04T20:00:30","guid":{"rendered":"https:\/\/www.barbeariablackzone.com\/lojas\/?page_id=181"},"modified":"2026-04-04T17:00:30","modified_gmt":"2026-04-04T20:00:30","slug":"moema","status":"publish","type":"page","link":"https:\/\/www.barbeariablackzone.com\/lojas\/moema\/","title":{"rendered":"Moema"},"content":{"rendered":"<style>\nbody {\n  margin: 0;\n  font-family: 'Arial', sans-serif;\n}<\/p>\n<p>\/* BACKGROUND COM IMAGEM *\/\n.bg {\n  position: relative;\n  height: 100vh;\n  background: url('https:\/\/www.barbeariablackzone.com\/lojas\/wp-content\/uploads\/2026\/03\/WhatsApp-Image-2026-03-27-at-15.56.05.jpeg') no-repeat center center\/cover;\n  display: flex;\n  align-items: center;\n  justify-content: center;\n}<\/p>\n<p>\/* OVERLAY ESCURO *\/\n.bg::before {\n  content: \"\";\n  position: absolute;\n  top: 0;\n  left: 0;\n  width: 100%;\n  height: 100%;\n  background: rgba(0, 0, 0, 0.75); \/* controla a transpar\u00eancia *\/\n}<\/p>\n<p>\/* CONTE\u00daDO *\/\n.content {\n  position: relative;\n  text-align: center;\n  color: #fff;\n  max-width: 400px;\n  padding: 20px;\n}<\/p>\n<p>h1 {\n  font-size: 26px;\n  margin-bottom: 10px;\n}<\/p>\n<p>p {\n  font-size: 14px;\n  color: #ccc;\n}<\/p>\n<p>\/* BOT\u00c3O *\/\n.btn {\n  margin-top: 25px;\n  display: inline-block;\n  padding: 14px 24px;\n  background: #C6A96B;\n  color: #000;\n  text-decoration: none;\n  font-weight: bold;\n  border-radius: 6px;\n  transition: 0.3s;\n}<\/p>\n<p>.btn:hover {\n  background: #b89650;\n}\n<\/style>\n<p><script>\n\/\/ redirecionamento autom\u00e1tico\nsetTimeout(function(){\n  window.location.href = \"https:\/\/www.trinks.com\/blackzone-moema-metro-eucaliptos\";\n}, 1200);\n<\/script><\/p>\n<div class=\"bg\">\n<div class=\"content\">\n<h1>\u2702\ufe0f Agendando seu hor\u00e1rio&#8230;<\/h1>\n<p>Voc\u00ea ser\u00e1 redirecionado automaticamente para a agenda<\/p>\n<p><a class=\"btn\" href=\"https:\/\/www.trinks.com\/blackzone-moema-metro-eucaliptos\"> Ir para agendamento <\/a><\/div>\n<\/div>\n","protected":false},"excerpt":{"rendered":"<p>\u2702\ufe0f Agendando seu hor\u00e1rio&#8230; Voc\u00ea ser\u00e1 redirecionado automaticamente para a agenda Ir para agendamento<\/p>\n","protected":false},"author":1,"featured_media":85,"parent":0,"menu_order":0,"comment_status":"closed","ping_status":"closed","template":"","meta":{"footnotes":""},"class_list":["post-181","page","type-page","status-publish","has-post-thumbnail","hentry"],"_links":{"self":[{"href":"https:\/\/www.barbeariablackzone.com\/lojas\/wp-json\/wp\/v2\/pages\/181","targetHints":{"allow":["GET"]}}],"collection":[{"href":"https:\/\/www.barbeariablackzone.com\/lojas\/wp-json\/wp\/v2\/pages"}],"about":[{"href":"https:\/\/www.barbeariablackzone.com\/lojas\/wp-json\/wp\/v2\/types\/page"}],"author":[{"embeddable":true,"href":"https:\/\/www.barbeariablackzone.com\/lojas\/wp-json\/wp\/v2\/users\/1"}],"replies":[{"embeddable":true,"href":"https:\/\/www.barbeariablackzone.com\/lojas\/wp-json\/wp\/v2\/comments?post=181"}],"version-history":[{"count":6,"href":"https:\/\/www.barbeariablackzone.com\/lojas\/wp-json\/wp\/v2\/pages\/181\/revisions"}],"predecessor-version":[{"id":190,"href":"https:\/\/www.barbeariablackzone.com\/lojas\/wp-json\/wp\/v2\/pages\/181\/revisions\/190"}],"wp:featuredmedia":[{"embeddable":true,"href":"https:\/\/www.barbeariablackzone.com\/lojas\/wp-json\/wp\/v2\/media\/85"}],"wp:attachment":[{"href":"https:\/\/www.barbeariablackzone.com\/lojas\/wp-json\/wp\/v2\/media?parent=181"}],"curies":[{"name":"wp","href":"https:\/\/api.w.org\/{rel}","templated":true}]}}